{"id":63,"date":"2019-11-24T18:47:44","date_gmt":"2019-11-24T17:47:44","guid":{"rendered":"http:\/\/valoxarmy.com\/?page_id=63"},"modified":"2020-04-09T20:32:02","modified_gmt":"2020-04-09T18:32:02","slug":"presentation-team-valox","status":"publish","type":"page","link":"http:\/\/valoxarmy.com\/?page_id=63","title":{"rendered":"Notre structure !"},"content":{"rendered":"<h3><strong>Qui sommes-nous ?<\/strong><\/h3>\n<p><span style=\"color: #ff0e1f;\">Une team Esport ax\u00e9e principalement sur le jeux vid\u00e9o Fortnite . Notre team est d\u00e9j\u00e0 bien d\u00e9velopp\u00e9e et comporte:<\/span><\/p>\n<ul>\n<li style=\"list-style-type: none;\">\n<ul>\n<li><span style=\"color: #ff0e1f;\">Ce site<\/span><\/li>\n<li><span style=\"color: #ff0e1f;\">Des cha\u00eenes YouTube<\/span><\/li>\n<li><span style=\"color: #ff0e1f;\">Des comptes Instagram<\/span><\/li>\n<li><span style=\"color: #ff0e1f;\">Des comptes Twitter<\/span><\/li>\n<li><span style=\"color: #ff0e1f;\">Un serveur discord<\/span><\/li>\n<li><span style=\"color: #ff0e1f;\">Un Utip<\/span><\/li>\n<li><span style=\"color: #ff0e1f;\">Un code cr\u00e9ateur<\/span><\/li>\n<\/ul>\n<\/li>\n<\/ul>\n<p><span style=\"color: #ff0e1f;\">Nous avons plusieurs projets en cours:<br><\/span><\/p>\n<ul>\n<li><span style=\"color: #ff0e1f;\">S&rsquo;ouvrir \u00e0 de nouvelles sc\u00e8nes esport.&nbsp;<\/span><\/li>\n<li><span style=\"color: #ff0e1f;\">Continuer \u00e0 travailler pour se faire conna\u00eetre.&nbsp;<\/span><\/li>\n<li><span style=\"color: #ff0e1f;\">Participer aux diff\u00e9rents \u00e9v\u00e9nements gaming.&nbsp;<\/span><\/li>\n<li><span style=\"color: #ff0e1f;\">Avoir des partenariats s\u00e9rieux et durables et beaucoup d&rsquo;autres choses !<\/span><\/li>\n<\/ul>\n<p><span style=\"color: #ff0e1f;\">La&nbsp;team est bien s\u00fbr compos\u00e9e de plusieurs personnes que nous pr\u00e9sentons sur la page \u00abComposition de notre \u00e9quipe\u00bb de ce site.<br><\/span><\/p>\n<p><span style=\"color: #ff0e1f;\">Nous sommes s\u00e9rieux, actifs, matures, ponctuels ( pour les lives et autres ), ouvert \u00e0 tous et toutes. Nous savons rigoler mais aussi jouer correctement et accomplir les t\u00e2ches demand\u00e9es et n\u00e9cessaire quand il le faut.<br><\/span><\/p>\n<p><span style=\"color: #ff0e1f;\"><span style=\"color: #ff0e1f;\">Comme dit ult\u00e9rieurement . Nous sommes une team Esport (sport num\u00e9rique) et nous sommes donc pr\u00e9sents sur les plateformes Playstation 4 (PS4), ordinateurs (PC) pour le moment.&nbsp;<\/span><\/span><\/p>\n\n\n<p>&nbsp;<\/p>\n","protected":false},"excerpt":{"rendered":"<p>Qui sommes-nous ? Une team Esport ax\u00e9e principalement sur le jeux vid\u00e9o Fortnite . Notre team est d\u00e9j\u00e0 bien d\u00e9velopp\u00e9e et comporte: Ce site Des cha\u00eenes YouTube Des comptes Instagram Des comptes Twitter Un serveur discord Un Utip Un code [&hellip;]<\/p>\n","protected":false},"author":1,"featured_media":0,"parent":0,"menu_order":0,"comment_status":"closed","ping_status":"closed","template":"","meta":[],"_links":{"self":[{"href":"http:\/\/valoxarmy.com\/index.php?rest_route=\/wp\/v2\/pages\/63"}],"collection":[{"href":"http:\/\/valoxarmy.com\/index.php?rest_route=\/wp\/v2\/pages"}],"about":[{"href":"http:\/\/valoxarmy.com\/index.php?rest_route=\/wp\/v2\/types\/page"}],"author":[{"embeddable":true,"href":"http:\/\/valoxarmy.com\/index.php?rest_route=\/wp\/v2\/users\/1"}],"replies":[{"embeddable":true,"href":"http:\/\/valoxarmy.com\/index.php?rest_route=%2Fwp%2Fv2%2Fcomments&post=63"}],"version-history":[{"count":26,"href":"http:\/\/valoxarmy.com\/index.php?rest_route=\/wp\/v2\/pages\/63\/revisions"}],"predecessor-version":[{"id":297,"href":"http:\/\/valoxarmy.com\/index.php?rest_route=\/wp\/v2\/pages\/63\/revisions\/297"}],"wp:attachment":[{"href":"http:\/\/valoxarmy.com\/index.php?rest_route=%2Fwp%2Fv2%2Fmedia&parent=63"}],"curies":[{"name":"wp","href":"https:\/\/api.w.org\/{rel}","templated":true}]}}