{"id":15,"date":"2019-11-23T14:35:49","date_gmt":"2019-11-23T13:35:49","guid":{"rendered":"http:\/\/valoxarmy.com\/?page_id=15"},"modified":"2020-04-09T20:27:25","modified_gmt":"2020-04-09T18:27:25","slug":"valoxarmy-team","status":"publish","type":"page","link":"https:\/\/valoxarmy.com\/","title":{"rendered":""},"content":{"rendered":"\n<h2 class=\"has-text-align-center\"><strong>Bienvenue sur le site de la Valox Army !<\/strong><\/h2>\n\n\n\n<p>&nbsp;<\/p>\n\n\n\n<p>Ce site est le site officiel de la Team Esport ValoX \u2714\ufe0f<\/p>\n\n\n\n<p>&nbsp;<\/p>\n\n\n\n<h4 class=\"has-text-color\" style=\"color:#ff0e1f\"><span class=\"has-inline-color has-vivid-red-color\">Mais qu&rsquo;est ce que l&rsquo;esport  ? <\/span><\/h4>\n\n\n\n<p>&nbsp;En une ligne , l&rsquo;esport est le fait de faire des comp\u00e9titions sur les jeux vid\u00e9os en g\u00e9n\u00e9ral que se soit amateur ou professionnel. <\/p>\n\n\n\n<p><\/p>\n\n\n\n<p>&nbsp;<\/p>\n","protected":false},"excerpt":{"rendered":"<p>Bienvenue sur le site de la Valox Army ! &nbsp; Ce site est le site officiel de la Team Esport ValoX \u2714\ufe0f &nbsp; Mais qu&rsquo;est ce que l&rsquo;esport ? &nbsp;En une ligne , l&rsquo;esport est le fait de faire des [&hellip;]<\/p>\n","protected":false},"author":1,"featured_media":246,"parent":0,"menu_order":0,"comment_status":"closed","ping_status":"closed","template":"","meta":[],"_links":{"self":[{"href":"https:\/\/valoxarmy.com\/index.php?rest_route=\/wp\/v2\/pages\/15"}],"collection":[{"href":"https:\/\/valoxarmy.com\/index.php?rest_route=\/wp\/v2\/pages"}],"about":[{"href":"https:\/\/valoxarmy.com\/index.php?rest_route=\/wp\/v2\/types\/page"}],"author":[{"embeddable":true,"href":"https:\/\/valoxarmy.com\/index.php?rest_route=\/wp\/v2\/users\/1"}],"replies":[{"embeddable":true,"href":"https:\/\/valoxarmy.com\/index.php?rest_route=%2Fwp%2Fv2%2Fcomments&post=15"}],"version-history":[{"count":23,"href":"https:\/\/valoxarmy.com\/index.php?rest_route=\/wp\/v2\/pages\/15\/revisions"}],"predecessor-version":[{"id":294,"href":"https:\/\/valoxarmy.com\/index.php?rest_route=\/wp\/v2\/pages\/15\/revisions\/294"}],"wp:featuredmedia":[{"embeddable":true,"href":"https:\/\/valoxarmy.com\/index.php?rest_route=\/wp\/v2\/media\/246"}],"wp:attachment":[{"href":"https:\/\/valoxarmy.com\/index.php?rest_route=%2Fwp%2Fv2%2Fmedia&parent=15"}],"curies":[{"name":"wp","href":"https:\/\/api.w.org\/{rel}","templated":true}]}}