{"id":172,"date":"2020-03-06T00:39:11","date_gmt":"2020-03-05T23:39:11","guid":{"rendered":"http:\/\/valoxarmy.com\/?page_id=172"},"modified":"2020-04-06T01:39:59","modified_gmt":"2020-04-05T23:39:59","slug":"notre-boutique-en-ligne","status":"publish","type":"page","link":"https:\/\/valoxarmy.com\/?page_id=172","title":{"rendered":"Notre boutique en ligne !"},"content":{"rendered":"\n<p>\ud83c\udf89Nous disposons en effet d&rsquo;une boutique en ligne contenant des produits personnalis\u00e9s ValoX gr\u00e2ce \u00e0 nos partenaires\ud83c\udf89<\/p>\n\n\n\n<p>\u2b07\ufe0fSon lien direct\u2b07\ufe0f<\/p>\n\n\n\n<p><a href=\"https:\/\/eliminate.fr\/product-category\/valox\/\">https:\/\/eliminate.fr\/product-category\/valox\/<\/a><\/p>\n\n\n\n<p> <\/p>\n\n\n\n<p>\ud83d\udee1\ufe0fChaque achat est donc un grand soutien pour nous\ud83d\udee1\ufe0f<\/p>\n\n\n\n<p><\/p>\n\n\n\n<p>\u26a0\ufe0fDe nouveaux produits sont en cours de d\u00e9veloppement et de cr\u00e9ation\u26a0\ufe0f. <\/p>\n\n\n\n<p><\/p>\n\n\n\n<h4>Nos produits :<\/h4>\n\n\n\n<figure class=\"wp-block-image size-large\"><img loading=\"lazy\" width=\"1000\" height=\"1000\" src=\"https:\/\/valoxarmy.com\/wp-content\/uploads\/2020\/03\/Maillot_ORIGIN_MODELISATION_3D.png\" alt=\"\" class=\"wp-image-177\" srcset=\"https:\/\/valoxarmy.com\/wp-content\/uploads\/2020\/03\/Maillot_ORIGIN_MODELISATION_3D.png 1000w, https:\/\/valoxarmy.com\/wp-content\/uploads\/2020\/03\/Maillot_ORIGIN_MODELISATION_3D-300x300.png 300w, https:\/\/valoxarmy.com\/wp-content\/uploads\/2020\/03\/Maillot_ORIGIN_MODELISATION_3D-150x150.png 150w, https:\/\/valoxarmy.com\/wp-content\/uploads\/2020\/03\/Maillot_ORIGIN_MODELISATION_3D-768x768.png 768w, https:\/\/valoxarmy.com\/wp-content\/uploads\/2020\/03\/Maillot_ORIGIN_MODELISATION_3D-550x550.png 550w\" sizes=\"(max-width: 1000px) 100vw, 1000px\" \/><figcaption>Maillot ValoX (de face) <\/figcaption><\/figure>\n\n\n\n<figure class=\"wp-block-image size-large\"><img loading=\"lazy\" width=\"1000\" height=\"1000\" src=\"https:\/\/valoxarmy.com\/wp-content\/uploads\/2020\/03\/Maillot_ORIGIN_MODELISATION_3D2.png\" alt=\"\" class=\"wp-image-178\" srcset=\"https:\/\/valoxarmy.com\/wp-content\/uploads\/2020\/03\/Maillot_ORIGIN_MODELISATION_3D2.png 1000w, https:\/\/valoxarmy.com\/wp-content\/uploads\/2020\/03\/Maillot_ORIGIN_MODELISATION_3D2-300x300.png 300w, https:\/\/valoxarmy.com\/wp-content\/uploads\/2020\/03\/Maillot_ORIGIN_MODELISATION_3D2-150x150.png 150w, https:\/\/valoxarmy.com\/wp-content\/uploads\/2020\/03\/Maillot_ORIGIN_MODELISATION_3D2-768x768.png 768w, https:\/\/valoxarmy.com\/wp-content\/uploads\/2020\/03\/Maillot_ORIGIN_MODELISATION_3D2-550x550.png 550w\" sizes=\"(max-width: 1000px) 100vw, 1000px\" \/><figcaption>Maillot ValoX (de dos) <\/figcaption><\/figure>\n\n\n\n<figure class=\"wp-block-image size-large\"><img loading=\"lazy\" width=\"768\" height=\"1024\" src=\"https:\/\/valoxarmy.com\/wp-content\/uploads\/2020\/03\/casquette_valox2-768x1024.png\" alt=\"\" class=\"wp-image-181\" srcset=\"https:\/\/valoxarmy.com\/wp-content\/uploads\/2020\/03\/casquette_valox2-768x1024.png 768w, https:\/\/valoxarmy.com\/wp-content\/uploads\/2020\/03\/casquette_valox2-225x300.png 225w, https:\/\/valoxarmy.com\/wp-content\/uploads\/2020\/03\/casquette_valox2.png 1000w\" sizes=\"(max-width: 768px) 100vw, 768px\" \/><figcaption>Casquette ValoX<\/figcaption><\/figure>\n\n\n\n<figure class=\"wp-block-image size-large\"><img loading=\"lazy\" width=\"768\" height=\"1024\" src=\"https:\/\/valoxarmy.com\/wp-content\/uploads\/2020\/04\/veste_valox-768x1024.png\" alt=\"\" class=\"wp-image-232\" srcset=\"https:\/\/valoxarmy.com\/wp-content\/uploads\/2020\/04\/veste_valox-768x1024.png 768w, https:\/\/valoxarmy.com\/wp-content\/uploads\/2020\/04\/veste_valox-225x300.png 225w, https:\/\/valoxarmy.com\/wp-content\/uploads\/2020\/04\/veste_valox.png 1000w\" sizes=\"(max-width: 768px) 100vw, 768px\" \/><figcaption>Varsity ValoX<\/figcaption><\/figure>\n\n\n\n<figure class=\"wp-block-gallery columns-0 is-cropped\"><ul class=\"blocks-gallery-grid\"><\/ul><\/figure>\n","protected":false},"excerpt":{"rendered":"<p>\ud83c\udf89Nous disposons en effet d&rsquo;une boutique en ligne contenant des produits personnalis\u00e9s ValoX gr\u00e2ce \u00e0 nos partenaires\ud83c\udf89 \u2b07\ufe0fSon lien direct\u2b07\ufe0f https:\/\/eliminate.fr\/product-category\/valox\/ \ud83d\udee1\ufe0fChaque achat est donc un grand soutien pour nous\ud83d\udee1\ufe0f \u26a0\ufe0fDe nouveaux produits sont en cours de d\u00e9veloppement et de [&hellip;]<\/p>\n","protected":false},"author":1,"featured_media":0,"parent":0,"menu_order":1,"comment_status":"closed","ping_status":"closed","template":"","meta":[],"_links":{"self":[{"href":"https:\/\/valoxarmy.com\/index.php?rest_route=\/wp\/v2\/pages\/172"}],"collection":[{"href":"https:\/\/valoxarmy.com\/index.php?rest_route=\/wp\/v2\/pages"}],"about":[{"href":"https:\/\/valoxarmy.com\/index.php?rest_route=\/wp\/v2\/types\/page"}],"author":[{"embeddable":true,"href":"https:\/\/valoxarmy.com\/index.php?rest_route=\/wp\/v2\/users\/1"}],"replies":[{"embeddable":true,"href":"https:\/\/valoxarmy.com\/index.php?rest_route=%2Fwp%2Fv2%2Fcomments&post=172"}],"version-history":[{"count":12,"href":"https:\/\/valoxarmy.com\/index.php?rest_route=\/wp\/v2\/pages\/172\/revisions"}],"predecessor-version":[{"id":243,"href":"https:\/\/valoxarmy.com\/index.php?rest_route=\/wp\/v2\/pages\/172\/revisions\/243"}],"wp:attachment":[{"href":"https:\/\/valoxarmy.com\/index.php?rest_route=%2Fwp%2Fv2%2Fmedia&parent=172"}],"curies":[{"name":"wp","href":"https:\/\/api.w.org\/{rel}","templated":true}]}}